{"id":3,"date":"2024-02-07T16:00:20","date_gmt":"2024-02-07T16:00:20","guid":{"rendered":"https:\/\/blaststudio.mx\/?page_id=3"},"modified":"2024-04-18T20:06:33","modified_gmt":"2024-04-18T20:06:33","slug":"privacidad","status":"publish","type":"page","link":"https:\/\/blaststudio.mx\/es\/privacidad\/","title":{"rendered":"Aviso de Privacidad"},"content":{"rendered":"<div data-elementor-type=\"wp-page\" data-elementor-id=\"3\" class=\"elementor elementor-3\" data-elementor-post-type=\"page\">\n\t\t\t\t\t\t<section class=\"elementor-section elementor-top-section elementor-element elementor-element-480ae80 elementor-section-boxed elementor-section-height-default elementor-section-height-default\" data-id=\"480ae80\" data-element_type=\"section\">\n\t\t\t\t\t\t<div class=\"elementor-container elementor-column-gap-default\">\n\t\t\t\t\t<div class=\"elementor-column elementor-col-100 elementor-top-column elementor-element elementor-element-7f5e5de\" data-id=\"7f5e5de\" data-element_type=\"column\">\n\t\t\t<div class=\"elementor-widget-wrap elementor-element-populated\">\n\t\t\t\t\t\t<div class=\"elementor-element elementor-element-94f4d74 de_scroll_animation_no elementor-invisible elementor-widget elementor-widget-heading\" data-id=\"94f4d74\" data-element_type=\"widget\" data-settings=\"{&quot;_animation&quot;:&quot;fadeInUp&quot;}\" data-widget_type=\"heading.default\">\n\t\t\t\t<div class=\"elementor-widget-container\">\n\t\t\t\t\t<h2 class=\"elementor-heading-title elementor-size-default\">Aviso de Privacidad<\/h2>\t\t\t\t<\/div>\n\t\t\t\t<\/div>\n\t\t\t\t<div class=\"elementor-element elementor-element-225e199 elementor-icon-list--layout-inline elementor-align-center elementor-list-item-link-full_width de_scroll_animation_no elementor-invisible elementor-widget elementor-widget-icon-list\" data-id=\"225e199\" data-element_type=\"widget\" data-settings=\"{&quot;_animation&quot;:&quot;fadeInUp&quot;,&quot;_animation_delay&quot;:200}\" data-widget_type=\"icon-list.default\">\n\t\t\t\t<div class=\"elementor-widget-container\">\n\t\t\t\t\t\t\t<ul class=\"elementor-icon-list-items elementor-inline-items\">\n\t\t\t\t\t\t\t<li class=\"elementor-icon-list-item elementor-inline-item\">\n\t\t\t\t\t\t\t\t\t\t<span class=\"elementor-icon-list-text\">Inicio<\/span>\n\t\t\t\t\t\t\t\t\t<\/li>\n\t\t\t\t\t\t\t\t<li class=\"elementor-icon-list-item elementor-inline-item\">\n\t\t\t\t\t\t\t\t\t\t\t<span class=\"elementor-icon-list-icon\">\n\t\t\t\t\t\t\t<i aria-hidden=\"true\" class=\"icon icon-right-arrow\"><\/i>\t\t\t\t\t\t<\/span>\n\t\t\t\t\t\t\t\t\t\t<span class=\"elementor-icon-list-text\">Aviso de Privacidad<\/span>\n\t\t\t\t\t\t\t\t\t<\/li>\n\t\t\t\t\t\t<\/ul>\n\t\t\t\t\t\t<\/div>\n\t\t\t\t<\/div>\n\t\t\t\t\t<\/div>\n\t\t<\/div>\n\t\t\t\t\t<\/div>\n\t\t<\/section>\n\t\t<div class=\"elementor-element elementor-element-fef259e e-flex e-con-boxed e-con e-parent\" data-id=\"fef259e\" data-element_type=\"container\">\n\t\t\t\t\t<div class=\"e-con-inner\">\n\t\t\t\t<div class=\"elementor-element elementor-element-89c29e1 de_scroll_animation_no elementor-widget elementor-widget-text-editor\" data-id=\"89c29e1\" data-element_type=\"widget\" data-widget_type=\"text-editor.default\">\n\t\t\t\t<div class=\"elementor-widget-container\">\n\t\t\t\t\t\t\t\t\t<p>Lisette Alejandra Gonz\u00e1lez Robles, mejor conocido como Blast Studio, con domicilio en calle Emiliano Zapata S\/N, colonia Emiliano Zapata, ciudad Puerto Escondido, municipio o delegaci\u00f3n Emiliano Zapata, c.p. 70934, en la entidad de Oaxaca, pa\u00eds M\u00e9xico, y portal de internet blaststudio.mx, es el responsable del uso y protecci\u00f3n de sus datos personales, y al respecto le informamos lo siguiente:<\/p>\n<p><b>\u00bfPara qu\u00e9 fines utilizaremos sus datos personales?<\/b><\/p>\n<p>Los datos personales que recabamos de usted, los utilizaremos para las siguientes finalidades que son necesarias para el servicio que solicita:<br \/>Realizar el Cobro de nuestro servicio<\/p>\n<p>De manera adicional, utilizaremos su informaci\u00f3n personal para las siguientes finalidades secundarias que no son necesarias para el servicio solicitado, pero que nos permiten y facilitan brindarle una mejor atenci\u00f3n:<br \/>Para crear un perfil del cliente<br \/>Mercadotecnia o publicitaria<br \/>Prospecci\u00f3n comercial<br \/>En caso de que no desee que sus datos personales se utilicen para estos fines secundarios, ind\u00edquelo a continuaci\u00f3n:<\/p>\n<p>No consiento que mis datos personales se utilicen para los siguientes fines:<\/p>\n<p>[ ] Para crear un perfil del cliente<br \/>[ ] Mercadotecnia o publicitaria<br \/>[ ] Prospecci\u00f3n comercial<\/p>\n<p>La negativa para el uso de sus datos personales para estas finalidades no podr\u00e1 ser un motivo para que le neguemos los servicios y productos que solicita o contrata con nosotros.<\/p>\n<p><b>\u00bfQu\u00e9 datos personales utilizaremos para estos fines?<\/b><\/p>\n<p>Para llevar a cabo las finalidades descritas en el presente aviso de privacidad, utilizaremos los siguientes datos personales:<br \/>Datos de identificaci\u00f3n<br \/>Datos de contacto<\/p>\n<p><b>\u00bfC\u00f3mo puede acceder, rectificar o cancelar sus datos personales, u oponerse a su uso?<\/b><\/p>\n<p>Usted tiene derecho a conocer qu\u00e9 datos personales tenemos de usted, para qu\u00e9 los utilizamos y las condiciones del uso que les damos (Acceso). Asimismo, es su derecho solicitar la correcci\u00f3n de su informaci\u00f3n personal en caso de que est\u00e9 desactualizada, sea inexacta o incompleta (Rectificaci\u00f3n); que la eliminemos de nuestros registros o bases de datos cuando considere que la misma no est\u00e1 siendo utilizada adecuadamente (Cancelaci\u00f3n); as\u00ed como oponerse al uso de sus datos personales para fines espec\u00edficos (Oposici\u00f3n). Estos derechos se conocen como derechos ARCO.<\/p>\n<p>Para el ejercicio de cualquiera de los derechos ARCO, usted deber\u00e1 presentar la solicitud respectiva a trav\u00e9s del siguiente medio:<\/p>\n<p><span style=\"text-align: var(--text-align); color: var( --e-global-color-text ); font-family: var( --e-global-typography-text-font-family ), Sans-serif; font-size: var( --e-global-typography-text-font-size ); font-weight: var( --e-global-typography-text-font-weight );\">lisette@blaststudio.mx<\/span><\/p>\n<p><b style=\"text-align: var(--text-align); color: var( --e-global-color-text ); font-family: var( --e-global-typography-text-font-family ), Sans-serif; font-size: var( --e-global-typography-text-font-size );\">Con relaci\u00f3n al procedimiento y requisitos para el ejercicio de sus derechos ARCO, le informamos lo siguiente:<\/b><\/p>\n<p>a) \u00bfA trav\u00e9s de qu\u00e9 medios pueden acreditar su identidad, el titular y, en su caso, su representante, as\u00ed como la personalidad, este \u00faltimo?<br \/>Correo Electr\u00f3nico<\/p>\n<p>b) \u00bfQu\u00e9 informaci\u00f3n y\/o documentaci\u00f3n deber\u00e1 contener la solicitud?<br \/>Comprobante de Identidad v\u00eda el correo electr\u00f3nico y correo el\u00e9ctrico del cliente<\/p>\n<p>c) \u00bfEn cu\u00e1ntos d\u00edas le daremos respuesta a su solicitud?<br \/>5<\/p>\n<p>d) \u00bfPor qu\u00e9 medio le comunicaremos la respuesta a su solicitud?<br \/>Correo Electr\u00f3nico<\/p>\n<p>e) \u00bfEn qu\u00e9 medios se pueden reproducir los datos personales que, en su caso, solicite?<br \/>Ninguno<\/p>\n<p>f) Ponemos a sus \u00f3rdenes los siguientes formularios o sistemas para facilitar el ejercicio de derechos ARCO:<br \/>https:\/\/blaststudio.mx\/contacto<\/p>\n<p>g) Para mayor informaci\u00f3n sobre el procedimiento, ponemos a disposici\u00f3n los siguientes medios:<br \/>https:\/\/blaststudio.mx\/privacidad<\/p>\n<p>Los datos de contacto de la persona o departamento de datos personales, que est\u00e1 a cargo de dar tr\u00e1mite a las solicitudes de derechos ARCO, son los siguientes:<\/p>\n<p>a) Nombre de la persona o departamento de datos personales: Lisette Alejandra Gonz\u00e1lez Robles<br \/>b) Domicilio: calle Emiliano Zapata S\/N, colonia Emiliano Zapata, ciudad Puerto Escondido, municipio o delegaci\u00f3n Puerto Escondido, c.p. 70934, en la entidad de Oaxaca, pa\u00eds M\u00e9xico<br \/>c) Correo electr\u00f3nico: lisette@blaststudio.mx<br \/>Otro dato de contacto: diana@blaststudio.mx<\/p>\n<p><b>Usted puede revocar su consentimiento para el uso de sus datos personales<\/b><\/p>\n<p>Usted puede revocar el consentimiento que, en su caso, nos haya otorgado para el tratamiento de sus datos personales. Sin embargo, es importante que tenga en cuenta que no en todos los casos podremos atender su solicitud o concluir el uso de forma inmediata, ya que es posible que por alguna obligaci\u00f3n legal requiramos seguir tratando sus datos personales. Asimismo, usted deber\u00e1 considerar que para ciertos fines, la revocaci\u00f3n de su consentimiento implicar\u00e1 que no le podamos seguir prestando el servicio que nos solicit\u00f3, o la conclusi\u00f3n de su relaci\u00f3n con nosotros.<\/p>\n<p>Para revocar su consentimiento deber\u00e1 presentar su solicitud a trav\u00e9s del siguiente medio:<\/p>\n<p><span style=\"text-align: var(--text-align); color: var( --e-global-color-text ); font-family: var( --e-global-typography-text-font-family ), Sans-serif; font-size: var( --e-global-typography-text-font-size ); font-weight: var( --e-global-typography-text-font-weight );\">lisette@blaststudio.mx<\/span><\/p>\n<p><span style=\"text-align: var(--text-align); color: var( --e-global-color-text ); font-family: var( --e-global-typography-text-font-family ), Sans-serif; font-size: var( --e-global-typography-text-font-size ); font-weight: var( --e-global-typography-text-font-weight );\">Con relaci\u00f3n al procedimiento y requisitos para la revocaci\u00f3n de su consentimiento, le informamos lo siguiente:<\/span><\/p>\n<p>a) \u00bfA trav\u00e9s de qu\u00e9 medios pueden acreditar su identidad, el titular y, en su caso, su representante, as\u00ed como la personalidad, este \u00faltimo?<\/p>\n<p><span style=\"text-align: var(--text-align); color: var( --e-global-color-text ); font-family: var( --e-global-typography-text-font-family ), Sans-serif; font-size: var( --e-global-typography-text-font-size ); font-weight: var( --e-global-typography-text-font-weight );\">lisette@blaststudio.mx<\/span><\/p>\n<p>b) \u00bfQu\u00e9 informaci\u00f3n y\/o documentaci\u00f3n deber\u00e1 contener la solicitud?<br \/>Solicitud y correo electr\u00f3nico del usuario<\/p>\n<p>c) \u00bfEn cu\u00e1ntos d\u00edas le daremos respuesta a su solicitud?<br \/>5<\/p>\n<p>d) \u00bfPor qu\u00e9 medio le comunicaremos la respuesta a su solicitud?<\/p>\n<p><span style=\"text-align: var(--text-align); color: var( --e-global-color-text ); font-family: var( --e-global-typography-text-font-family ), Sans-serif; font-size: var( --e-global-typography-text-font-size ); font-weight: var( --e-global-typography-text-font-weight );\">lisette@blaststudio.mx<\/span><\/p>\n<p>e) Para mayor informaci\u00f3n sobre el procedimiento, ponemos a disposici\u00f3n los siguientes medios:<br \/>https:\/\/blaststudio.mx\/privacidad<\/p>\n<p><b>\u00bfC\u00f3mo puede limitar el uso o divulgaci\u00f3n de su informaci\u00f3n personal?<\/b><\/p>\n<p>Con objeto de que usted pueda limitar el uso y divulgaci\u00f3n de su informaci\u00f3n personal, le ofrecemos los siguientes medios:<\/p>\n<p><span style=\"text-align: var(--text-align); color: var( --e-global-color-text ); font-family: var( --e-global-typography-text-font-family ), Sans-serif; font-size: var( --e-global-typography-text-font-size ); font-weight: var( --e-global-typography-text-font-weight );\">lisette@blaststudio.mx<\/span><\/p>\n<p><b style=\"text-align: var(--text-align); color: var( --e-global-color-text ); font-family: var( --e-global-typography-text-font-family ), Sans-serif; font-size: var( --e-global-typography-text-font-size );\">El uso de tecnolog\u00edas de rastreo en nuestro portal de internet<\/b><\/p>\n<p>Le informamos que en nuestra p\u00e1gina de internet utilizamos cookies, web beacons u otras tecnolog\u00edas, a trav\u00e9s de las cuales es posible monitorear su comportamiento como usuario de internet, as\u00ed como brindarle un mejor servicio y experiencia al navegar en nuestra p\u00e1gina. Los datos personales que recabamos a trav\u00e9s de estas tecnolog\u00edas, los utilizaremos para los siguientes fines:<\/p>\n<p>Estad\u00edstica<br \/>Perfil de Usuarios<br \/>Publicidad<\/p>\n<p>Los datos personales que obtenemos de estas tecnolog\u00edas de rastreo son los siguientes:<\/p>\n<p>Identificadores, nombre de usuario y contrase\u00f1as de una sesi\u00f3n<br \/>Idioma preferido por el usuario<br \/>Regi\u00f3n en la que se encuentra el usuario<br \/>Tipo de navegador del usuario<br \/>Tipo de sistema operativo del usuario<br \/>Fecha y hora del inicio y final de una sesi\u00f3n de un usuario<br \/>Asimismo, le informamos que su informaci\u00f3n personal ser\u00e1 compartida con las siguientes personas, empresas, organizaciones o autoridades distintas a nosotros, para los siguientes fines:<\/p>\n<p>Destinatario de los datos personales Finalidad<br \/>Google Estad\u00edsticas<br \/>Meta Publicidad<\/p>\n<p><b>\u00bfC\u00f3mo puede conocer los cambios en este aviso de privacidad?<\/b><\/p>\n<p>El presente aviso de privacidad puede sufrir modificaciones, cambios o actualizaciones derivadas de nuevos requerimientos legales; de nuestras propias necesidades por los productos o servicios que ofrecemos; de nuestras pr\u00e1cticas de privacidad; de cambios en nuestro modelo de negocio, o por otras causas.<\/p>\n<p>Nos comprometemos a mantenerlo informado sobre los cambios que pueda sufrir el presente aviso de privacidad, a trav\u00e9s de: https:\/\/blaststudio.mx\/privacidad.<\/p>\n<p>El procedimiento a trav\u00e9s del cual se llevar\u00e1n a cabo las notificaciones sobre cambios o actualizaciones al presente aviso de privacidad es el siguiente:<\/p>\n<p>https:\/\/blaststudio.mx\/privacidad<\/p>\n<p><b>Su consentimiento para el tratamiento de sus datos personales<\/b><\/p>\n<p>Consiento que mis datos personales sean tratados de conformidad con los t\u00e9rminos y condiciones informados en el presente aviso de privacidad.[ ]<\/p>\t\t\t\t\t\t\t\t<\/div>\n\t\t\t\t<\/div>\n\t\t\t\t\t<\/div>\n\t\t\t\t<\/div>\n\t\t\t\t<\/div>","protected":false},"excerpt":{"rendered":"<p>Aviso de Privacidad Home Aviso de Privacidad Lisette Alejandra Gonz\u00e1lez Robles, mejor conocido como Blast Studio, con domicilio en calle Emiliano Zapata S\/N, colonia Emiliano Zapata, ciudad Puerto Escondido, municipio o delegaci\u00f3n Emiliano Zapata, c.p. 70934, en la entidad de Oaxaca, pa\u00eds M\u00e9xico, y portal de internet blaststudio.mx, es el responsable del uso y protecci\u00f3n [&hellip;]<\/p>","protected":false},"author":1,"featured_media":0,"parent":0,"menu_order":0,"comment_status":"closed","ping_status":"closed","template":"","meta":{"footnotes":""},"class_list":["post-3","page","type-page","status-publish","hentry"],"_links":{"self":[{"href":"https:\/\/blaststudio.mx\/es\/wp-json\/wp\/v2\/pages\/3","targetHints":{"allow":["GET"]}}],"collection":[{"href":"https:\/\/blaststudio.mx\/es\/wp-json\/wp\/v2\/pages"}],"about":[{"href":"https:\/\/blaststudio.mx\/es\/wp-json\/wp\/v2\/types\/page"}],"author":[{"embeddable":true,"href":"https:\/\/blaststudio.mx\/es\/wp-json\/wp\/v2\/users\/1"}],"replies":[{"embeddable":true,"href":"https:\/\/blaststudio.mx\/es\/wp-json\/wp\/v2\/comments?post=3"}],"version-history":[{"count":10,"href":"https:\/\/blaststudio.mx\/es\/wp-json\/wp\/v2\/pages\/3\/revisions"}],"predecessor-version":[{"id":226,"href":"https:\/\/blaststudio.mx\/es\/wp-json\/wp\/v2\/pages\/3\/revisions\/226"}],"wp:attachment":[{"href":"https:\/\/blaststudio.mx\/es\/wp-json\/wp\/v2\/media?parent=3"}],"curies":[{"name":"wp","href":"https:\/\/api.w.org\/{rel}","templated":true}]}}